{"id":377,"date":"2019-04-02T02:29:08","date_gmt":"2019-04-02T02:29:08","guid":{"rendered":"https:\/\/patronelli.com.ar\/semirremolque\/about-us\/"},"modified":"2025-10-20T15:32:16","modified_gmt":"2025-10-20T18:32:16","slug":"sobre-nosotros","status":"publish","type":"page","link":"https:\/\/patronelli.com.ar\/semirremolque\/sobre-nosotros\/","title":{"rendered":"Sobre Nosotros"},"content":{"rendered":"\t\t<div data-elementor-type=\"wp-post\" data-elementor-id=\"377\" class=\"elementor elementor-377\" data-elementor-settings=\"{&quot;ha_cmc_init_switcher&quot;:&quot;no&quot;}\" data-elementor-post-type=\"page\">\n\t\t\t\t\t\t<section class=\"elementor-section elementor-top-section elementor-element elementor-element-4d5234d4 elementor-section-boxed elementor-section-height-default elementor-section-height-default\" data-id=\"4d5234d4\" data-element_type=\"section\" data-e-type=\"section\" data-settings=\"{&quot;background_background&quot;:&quot;classic&quot;,&quot;_ha_eqh_enable&quot;:false}\">\n\t\t\t\t\t\t<div class=\"elementor-container elementor-column-gap-default\">\n\t\t\t\t\t<div class=\"elementor-column elementor-col-100 elementor-top-column elementor-element elementor-element-4b2eb76a\" data-id=\"4b2eb76a\" data-element_type=\"column\" data-e-type=\"column\" data-settings=\"{&quot;background_background&quot;:&quot;classic&quot;}\">\n\t\t\t<div class=\"elementor-widget-wrap elementor-element-populated\">\n\t\t\t\t\t<div class=\"elementor-background-overlay\"><\/div>\n\t\t\t\t\t\t<div class=\"elementor-element elementor-element-e62528a elementor-invisible elementor-widget elementor-widget-heading\" data-id=\"e62528a\" data-element_type=\"widget\" data-e-type=\"widget\" data-settings=\"{&quot;_animation&quot;:&quot;fadeInDown&quot;}\" data-widget_type=\"heading.default\">\n\t\t\t\t<div class=\"elementor-widget-container\">\n\t\t\t\t\t<h1 class=\"elementor-heading-title elementor-size-default\">Sobre Nosotros<\/h1>\t\t\t\t<\/div>\n\t\t\t\t<\/div>\n\t\t\t\t<section class=\"elementor-section elementor-inner-section elementor-element elementor-element-4346edd5 elementor-section-content-middle elementor-section-full_width elementor-section-height-default elementor-section-height-default elementor-invisible\" data-id=\"4346edd5\" data-element_type=\"section\" data-e-type=\"section\" data-settings=\"{&quot;animation&quot;:&quot;zoomIn&quot;,&quot;_ha_eqh_enable&quot;:false}\">\n\t\t\t\t\t\t<div class=\"elementor-container elementor-column-gap-default\">\n\t\t\t\t\t<div class=\"elementor-column elementor-col-50 elementor-inner-column elementor-element elementor-element-5845918c\" data-id=\"5845918c\" data-element_type=\"column\" data-e-type=\"column\">\n\t\t\t<div class=\"elementor-widget-wrap elementor-element-populated\">\n\t\t\t\t\t\t<div class=\"elementor-element elementor-element-3f2f85fc elementor-widget elementor-widget-heading\" data-id=\"3f2f85fc\" data-element_type=\"widget\" data-e-type=\"widget\" data-widget_type=\"heading.default\">\n\t\t\t\t<div class=\"elementor-widget-container\">\n\t\t\t\t\t<h2 class=\"elementor-heading-title elementor-size-default\">Trayectoria<\/h2>\t\t\t\t<\/div>\n\t\t\t\t<\/div>\n\t\t\t\t<div class=\"elementor-element elementor-element-120f9937 elementor-widget__width-initial elementor-widget elementor-widget-text-editor\" data-id=\"120f9937\" data-element_type=\"widget\" data-e-type=\"widget\" data-widget_type=\"text-editor.default\">\n\t\t\t\t<div class=\"elementor-widget-container\">\n\t\t\t\t\t\t\t\t\t<p>Patronelli es una empresa familiar fundada por Roberto Patronelli y Monica su esposa en el a\u00f1o 1979.<br \/>Desde entonces atendemos al transporte de carga, empresas constructoras, agropecuarias, petroleras y mineras.<\/p><p>En la actualidad trabajan junto a sus cinco hijos y llevan adelante el desarrollo de m\u00e1s de 90 productos que avalan su prestigio.<br \/>La atenci\u00f3n es personalizada en la compra y servicio pos-venta.<\/p>\t\t\t\t\t\t\t\t<\/div>\n\t\t\t\t<\/div>\n\t\t\t\t\t<\/div>\n\t\t<\/div>\n\t\t\t\t<div class=\"elementor-column elementor-col-50 elementor-inner-column elementor-element elementor-element-7f24b1fe\" data-id=\"7f24b1fe\" data-element_type=\"column\" data-e-type=\"column\">\n\t\t\t<div class=\"elementor-widget-wrap elementor-element-populated\">\n\t\t\t\t\t\t<div class=\"elementor-element elementor-element-f81afef elementor-align-center elementor-widget elementor-widget-lottie\" data-id=\"f81afef\" data-element_type=\"widget\" data-e-type=\"widget\" data-settings=\"{&quot;source_json&quot;:{&quot;url&quot;:&quot;https:\\\/\\\/patronelli.com.ar\\\/semirremolque\\\/wp-content\\\/uploads\\\/2023\\\/04\\\/91405-business-growth.json&quot;,&quot;id&quot;:5844,&quot;size&quot;:&quot;&quot;,&quot;alt&quot;:&quot;&quot;,&quot;source&quot;:&quot;library&quot;},&quot;loop&quot;:&quot;yes&quot;,&quot;source&quot;:&quot;media_file&quot;,&quot;caption_source&quot;:&quot;none&quot;,&quot;link_to&quot;:&quot;none&quot;,&quot;trigger&quot;:&quot;arriving_to_viewport&quot;,&quot;viewport&quot;:{&quot;unit&quot;:&quot;%&quot;,&quot;size&quot;:&quot;&quot;,&quot;sizes&quot;:{&quot;start&quot;:0,&quot;end&quot;:100}},&quot;play_speed&quot;:{&quot;unit&quot;:&quot;px&quot;,&quot;size&quot;:1,&quot;sizes&quot;:[]},&quot;start_point&quot;:{&quot;unit&quot;:&quot;%&quot;,&quot;size&quot;:0,&quot;sizes&quot;:[]},&quot;end_point&quot;:{&quot;unit&quot;:&quot;%&quot;,&quot;size&quot;:100,&quot;sizes&quot;:[]},&quot;renderer&quot;:&quot;svg&quot;}\" data-widget_type=\"lottie.default\">\n\t\t\t\t<div class=\"elementor-widget-container\">\n\t\t\t\t\t<div class=\"e-lottie__container\"><div class=\"e-lottie__animation\"><\/div><\/div>\t\t\t\t<\/div>\n\t\t\t\t<\/div>\n\t\t\t\t\t<\/div>\n\t\t<\/div>\n\t\t\t\t\t<\/div>\n\t\t<\/section>\n\t\t\t\t<div class=\"elementor-element elementor-element-a9282e9 elementor-widget elementor-widget-menu-anchor\" data-id=\"a9282e9\" data-element_type=\"widget\" data-e-type=\"widget\" data-widget_type=\"menu-anchor.default\">\n\t\t\t\t<div class=\"elementor-widget-container\">\n\t\t\t\t\t\t\t<div class=\"elementor-menu-anchor\" id=\"politica_de_calidad\"><\/div>\n\t\t\t\t\t\t<\/div>\n\t\t\t\t<\/div>\n\t\t\t\t<section class=\"elementor-section elementor-inner-section elementor-element elementor-element-70738930 elementor-section-content-middle elementor-section-full_width elementor-section-height-default elementor-section-height-default elementor-invisible\" data-id=\"70738930\" data-element_type=\"section\" data-e-type=\"section\" data-settings=\"{&quot;animation&quot;:&quot;zoomIn&quot;,&quot;_ha_eqh_enable&quot;:false}\">\n\t\t\t\t\t\t<div class=\"elementor-container elementor-column-gap-default\">\n\t\t\t\t\t<div class=\"elementor-column elementor-col-50 elementor-inner-column elementor-element elementor-element-499a6898\" data-id=\"499a6898\" data-element_type=\"column\" data-e-type=\"column\">\n\t\t\t<div class=\"elementor-widget-wrap elementor-element-populated\">\n\t\t\t\t\t\t<div class=\"elementor-element elementor-element-46f49e52 elementor-widget elementor-widget-heading\" data-id=\"46f49e52\" data-element_type=\"widget\" data-e-type=\"widget\" data-widget_type=\"heading.default\">\n\t\t\t\t<div class=\"elementor-widget-container\">\n\t\t\t\t\t<h2 class=\"elementor-heading-title elementor-size-default\">Pol\u00edtica de Calidad<\/h2>\t\t\t\t<\/div>\n\t\t\t\t<\/div>\n\t\t\t\t<div class=\"elementor-element elementor-element-4e4ea081 elementor-widget__width-initial elementor-widget-tablet__width-initial elementor-widget elementor-widget-text-editor\" data-id=\"4e4ea081\" data-element_type=\"widget\" data-e-type=\"widget\" data-widget_type=\"text-editor.default\">\n\t\t\t\t<div class=\"elementor-widget-container\">\n\t\t\t\t\t\t\t\t\t<p><strong>ATARUSIS S.A<\/strong> se compromete a cumplir con los Requisitos del Cliente y la Norma ISO 9001.<\/p><p>Mantener y mejorar la calidad de los acoplados, semirremolques y carrocer\u00edas fabricadas, gestionando los Recursos Humanos y Materiales para lograrlo.<\/p><p>Permanecer actualizado a las nuevas necesidades de los Clientes y a los avances tecnol\u00f3gicos para poder ampliar la gama de productos y trabajar en la Mejora Continua de los procesos.<\/p><p>Identificar las Partes Interesadas y Analizar el Contexto con los requisitos aplicables, para mejorar de manera continua con el Sistema de Gesti\u00f3n de Calidad.<\/p><p>Mantener la infraestructura apropiada para un \u00f3ptimo desempe\u00f1o de las unidades producidas.<\/p>\t\t\t\t\t\t\t\t<\/div>\n\t\t\t\t<\/div>\n\t\t\t\t<div class=\"elementor-element elementor-element-ce6495d elementor-widget elementor-widget-image\" data-id=\"ce6495d\" data-element_type=\"widget\" data-e-type=\"widget\" data-widget_type=\"image.default\">\n\t\t\t\t<div class=\"elementor-widget-container\">\n\t\t\t\t\t\t\t\t\t\t\t\t\t\t\t<img fetchpriority=\"high\" decoding=\"async\" width=\"301\" height=\"326\" src=\"https:\/\/patronelli.com.ar\/semirremolque\/wp-content\/uploads\/2024\/09\/Firma-Gerente-General-Patronelli.jpg\" class=\"attachment-large size-large wp-image-6828\" alt=\"\" srcset=\"https:\/\/patronelli.com.ar\/semirremolque\/wp-content\/uploads\/2024\/09\/Firma-Gerente-General-Patronelli.jpg 301w, https:\/\/patronelli.com.ar\/semirremolque\/wp-content\/uploads\/2024\/09\/Firma-Gerente-General-Patronelli-277x300.jpg 277w\" sizes=\"(max-width: 301px) 100vw, 301px\" \/>\t\t\t\t\t\t\t\t\t\t\t\t\t\t\t<\/div>\n\t\t\t\t<\/div>\n\t\t\t\t<div class=\"elementor-element elementor-element-0b8b5d1 elementor-widget elementor-widget-text-editor\" data-id=\"0b8b5d1\" data-element_type=\"widget\" data-e-type=\"widget\" data-widget_type=\"text-editor.default\">\n\t\t\t\t<div class=\"elementor-widget-container\">\n\t\t\t\t\t\t\t\t\tGerente General\t\t\t\t\t\t\t\t<\/div>\n\t\t\t\t<\/div>\n\t\t\t\t<div class=\"elementor-element elementor-element-cc3a2a7 elementor-widget elementor-widget-text-editor\" data-id=\"cc3a2a7\" data-element_type=\"widget\" data-e-type=\"widget\" data-widget_type=\"text-editor.default\">\n\t\t\t\t<div class=\"elementor-widget-container\">\n\t\t\t\t\t\t\t\t\t<p>Fecha: 10-05-2022<\/p>\t\t\t\t\t\t\t\t<\/div>\n\t\t\t\t<\/div>\n\t\t\t\t\t<\/div>\n\t\t<\/div>\n\t\t\t\t<div class=\"elementor-column elementor-col-50 elementor-inner-column elementor-element elementor-element-1ba3ae11\" data-id=\"1ba3ae11\" data-element_type=\"column\" data-e-type=\"column\">\n\t\t\t<div class=\"elementor-widget-wrap elementor-element-populated\">\n\t\t\t\t\t\t<div class=\"elementor-element elementor-element-e0f5ad7 elementor-widget elementor-widget-image\" data-id=\"e0f5ad7\" data-element_type=\"widget\" data-e-type=\"widget\" data-widget_type=\"image.default\">\n\t\t\t\t<div class=\"elementor-widget-container\">\n\t\t\t\t\t\t\t\t\t\t\t\t\t\t\t\t<a href=\"https:\/\/patronelli.com.ar\/semirremolque\/wp-content\/uploads\/2025\/10\/Certificado-ISO-9001-IRAM-ATARUSIS-S.A.-2024-a-2027.pdf\">\n\t\t\t\t\t\t\t<img decoding=\"async\" width=\"800\" height=\"330\" src=\"https:\/\/patronelli.com.ar\/semirremolque\/wp-content\/uploads\/2025\/10\/Logos-IRAM-IQNET-ATARUSIS-horizontal-2025-10-17-e1760984993267-1024x423.jpg\" class=\"attachment-large size-large wp-image-6978\" alt=\"\" srcset=\"https:\/\/patronelli.com.ar\/semirremolque\/wp-content\/uploads\/2025\/10\/Logos-IRAM-IQNET-ATARUSIS-horizontal-2025-10-17-e1760984993267-1024x423.jpg 1024w, https:\/\/patronelli.com.ar\/semirremolque\/wp-content\/uploads\/2025\/10\/Logos-IRAM-IQNET-ATARUSIS-horizontal-2025-10-17-e1760984993267-300x124.jpg 300w, https:\/\/patronelli.com.ar\/semirremolque\/wp-content\/uploads\/2025\/10\/Logos-IRAM-IQNET-ATARUSIS-horizontal-2025-10-17-e1760984993267-768x317.jpg 768w, https:\/\/patronelli.com.ar\/semirremolque\/wp-content\/uploads\/2025\/10\/Logos-IRAM-IQNET-ATARUSIS-horizontal-2025-10-17-e1760984993267.jpg 1130w\" sizes=\"(max-width: 800px) 100vw, 800px\" \/>\t\t\t\t\t\t\t\t<\/a>\n\t\t\t\t\t\t\t\t\t\t\t\t\t\t\t<\/div>\n\t\t\t\t<\/div>\n\t\t\t\t\t<\/div>\n\t\t<\/div>\n\t\t\t\t\t<\/div>\n\t\t<\/section>\n\t\t\t\t\t<\/div>\n\t\t<\/div>\n\t\t\t\t\t<\/div>\n\t\t<\/section>\n\t\t\t\t<section class=\"elementor-section elementor-top-section elementor-element elementor-element-18f7fc41 elementor-section-boxed elementor-section-height-default elementor-section-height-default\" data-id=\"18f7fc41\" data-element_type=\"section\" data-e-type=\"section\" data-settings=\"{&quot;background_background&quot;:&quot;classic&quot;,&quot;_ha_eqh_enable&quot;:false}\">\n\t\t\t\t\t\t<div class=\"elementor-container elementor-column-gap-default\">\n\t\t\t\t\t<div class=\"elementor-column elementor-col-100 elementor-top-column elementor-element elementor-element-4c6e2716\" data-id=\"4c6e2716\" data-element_type=\"column\" data-e-type=\"column\">\n\t\t\t<div class=\"elementor-widget-wrap elementor-element-populated\">\n\t\t\t\t\t\t<div class=\"elementor-element elementor-element-dad01fa elementor-invisible elementor-widget elementor-widget-heading\" data-id=\"dad01fa\" data-element_type=\"widget\" data-e-type=\"widget\" data-settings=\"{&quot;_animation&quot;:&quot;fadeInDown&quot;}\" data-widget_type=\"heading.default\">\n\t\t\t\t<div class=\"elementor-widget-container\">\n\t\t\t\t\t<h2 class=\"elementor-heading-title elementor-size-default\">Nuestras metas<\/h2>\t\t\t\t<\/div>\n\t\t\t\t<\/div>\n\t\t\t\t<section class=\"elementor-section elementor-inner-section elementor-element elementor-element-8b771f2 animated-slow elementor-section-full_width elementor-section-height-default elementor-section-height-default elementor-invisible\" data-id=\"8b771f2\" data-element_type=\"section\" data-e-type=\"section\" data-settings=\"{&quot;animation&quot;:&quot;bounceInLeft&quot;,&quot;_ha_eqh_enable&quot;:false}\">\n\t\t\t\t\t\t<div class=\"elementor-container elementor-column-gap-extended\">\n\t\t\t\t\t<div class=\"elementor-column elementor-col-100 elementor-inner-column elementor-element elementor-element-5a38e4d\" data-id=\"5a38e4d\" data-element_type=\"column\" data-e-type=\"column\">\n\t\t\t<div class=\"elementor-widget-wrap elementor-element-populated\">\n\t\t\t\t\t\t<div class=\"elementor-element elementor-element-b83b80d elementor-widget elementor-widget-heading\" data-id=\"b83b80d\" data-element_type=\"widget\" data-e-type=\"widget\" data-widget_type=\"heading.default\">\n\t\t\t\t<div class=\"elementor-widget-container\">\n\t\t\t\t\t<h3 class=\"elementor-heading-title elementor-size-default\">Misi\u00f3n<\/h3>\t\t\t\t<\/div>\n\t\t\t\t<\/div>\n\t\t\t\t<div class=\"elementor-element elementor-element-0698dfc elementor-widget__width-initial elementor-widget-tablet__width-initial elementor-widget elementor-widget-text-editor\" data-id=\"0698dfc\" data-element_type=\"widget\" data-e-type=\"widget\" data-widget_type=\"text-editor.default\">\n\t\t\t\t<div class=\"elementor-widget-container\">\n\t\t\t\t\t\t\t\t\tNuestra misi\u00f3n es trabajar en la mejora continua de la producci\u00f3n de nuestras unidades, entrelazando recursos humanos, materiales de primera calidad y tecnolog\u00eda de punta como as\u00ed tambi\u00e9n, mantener y ampliar la infraestructura al tipo y volumen de unidades producidas en nuestra planta.\t\t\t\t\t\t\t\t<\/div>\n\t\t\t\t<\/div>\n\t\t\t\t\t<\/div>\n\t\t<\/div>\n\t\t\t\t\t<\/div>\n\t\t<\/section>\n\t\t\t\t<section class=\"elementor-section elementor-inner-section elementor-element elementor-element-a59a395 animated-slow elementor-section-full_width elementor-section-height-default elementor-section-height-default elementor-invisible\" data-id=\"a59a395\" data-element_type=\"section\" data-e-type=\"section\" data-settings=\"{&quot;animation&quot;:&quot;bounceInLeft&quot;,&quot;_ha_eqh_enable&quot;:false}\">\n\t\t\t\t\t\t<div class=\"elementor-container elementor-column-gap-extended\">\n\t\t\t\t\t<div class=\"elementor-column elementor-col-100 elementor-inner-column elementor-element elementor-element-e1114c0\" data-id=\"e1114c0\" data-element_type=\"column\" data-e-type=\"column\">\n\t\t\t<div class=\"elementor-widget-wrap elementor-element-populated\">\n\t\t\t\t\t\t<div class=\"elementor-element elementor-element-b4c3b2b elementor-widget elementor-widget-heading\" data-id=\"b4c3b2b\" data-element_type=\"widget\" data-e-type=\"widget\" data-widget_type=\"heading.default\">\n\t\t\t\t<div class=\"elementor-widget-container\">\n\t\t\t\t\t<h3 class=\"elementor-heading-title elementor-size-default\">Visi\u00f3n<\/h3>\t\t\t\t<\/div>\n\t\t\t\t<\/div>\n\t\t\t\t<div class=\"elementor-element elementor-element-80a27ba elementor-widget__width-initial elementor-widget-tablet__width-initial elementor-widget elementor-widget-text-editor\" data-id=\"80a27ba\" data-element_type=\"widget\" data-e-type=\"widget\" data-widget_type=\"text-editor.default\">\n\t\t\t\t<div class=\"elementor-widget-container\">\n\t\t\t\t\t\t\t\t\tD\u00eda a d\u00eda nos comprometemos a cumplir con los requisitos del cliente y mejorar la eficacia de nuestro Sistema de Gesti\u00f3n de la Calidad.\t\t\t\t\t\t\t\t<\/div>\n\t\t\t\t<\/div>\n\t\t\t\t\t<\/div>\n\t\t<\/div>\n\t\t\t\t\t<\/div>\n\t\t<\/section>\n\t\t\t\t\t<\/div>\n\t\t<\/div>\n\t\t\t\t\t<\/div>\n\t\t<\/section>\n\t\t\t\t<\/div>\n\t\t","protected":false},"excerpt":{"rendered":"<p>Sobre Nosotros Trayectoria Patronelli es una empresa familiar fundada por Roberto Patronelli y Monica su esposa en el a\u00f1o 1979.Desde entonces atendemos al transporte de carga, empresas constructoras, agropecuarias, petroleras y mineras. En la actualidad trabajan junto a sus cinco hijos y llevan adelante el desarrollo de m\u00e1s de 90 productos que avalan su prestigio.La [&hellip;]<\/p>\n","protected":false},"author":1,"featured_media":0,"parent":0,"menu_order":0,"comment_status":"closed","ping_status":"closed","template":"","meta":{"_joinchat":[],"footnotes":""},"class_list":["post-377","page","type-page","status-publish","hentry"],"yoast_head":"<!-- This site is optimized with the Yoast SEO plugin v20.12 - https:\/\/yoast.com\/wordpress\/plugins\/seo\/ -->\n<title>Sobre Nosotros - Patronelli<\/title>\n<meta name=\"robots\" content=\"index, follow, max-snippet:-1, max-image-preview:large, max-video-preview:-1\" \/>\n<link rel=\"canonical\" href=\"https:\/\/patronelli.com.ar\/semirremolque\/sobre-nosotros\/\" \/>\n<meta property=\"og:locale\" content=\"es_ES\" \/>\n<meta property=\"og:type\" content=\"article\" \/>\n<meta property=\"og:title\" content=\"Sobre Nosotros - Patronelli\" \/>\n<meta property=\"og:description\" content=\"Sobre Nosotros Trayectoria Patronelli es una empresa familiar fundada por Roberto Patronelli y Monica su esposa en el a\u00f1o 1979.Desde entonces atendemos al transporte de carga, empresas constructoras, agropecuarias, petroleras y mineras. En la actualidad trabajan junto a sus cinco hijos y llevan adelante el desarrollo de m\u00e1s de 90 productos que avalan su prestigio.La [&hellip;]\" \/>\n<meta property=\"og:url\" content=\"https:\/\/patronelli.com.ar\/semirremolque\/sobre-nosotros\/\" \/>\n<meta property=\"og:site_name\" content=\"Patronelli\" \/>\n<meta property=\"article:publisher\" content=\"https:\/\/www.facebook.com\/patronelliacoplados\/\" \/>\n<meta property=\"article:modified_time\" content=\"2025-10-20T18:32:16+00:00\" \/>\n<meta property=\"og:image\" content=\"https:\/\/patronelli.com.ar\/semirremolque\/wp-content\/uploads\/2024\/09\/Firma-Gerente-General-Patronelli.jpg\" \/>\n<meta name=\"twitter:card\" content=\"summary_large_image\" \/>\n<meta name=\"twitter:label1\" content=\"Tiempo de lectura\" \/>\n\t<meta name=\"twitter:data1\" content=\"2 minutos\" \/>\n<script type=\"application\/ld+json\" class=\"yoast-schema-graph\">{\"@context\":\"https:\/\/schema.org\",\"@graph\":[{\"@type\":\"WebPage\",\"@id\":\"https:\/\/patronelli.com.ar\/semirremolque\/sobre-nosotros\/\",\"url\":\"https:\/\/patronelli.com.ar\/semirremolque\/sobre-nosotros\/\",\"name\":\"Sobre Nosotros - Patronelli\",\"isPartOf\":{\"@id\":\"https:\/\/patronelli.com.ar\/semirremolque\/#website\"},\"datePublished\":\"2019-04-02T02:29:08+00:00\",\"dateModified\":\"2025-10-20T18:32:16+00:00\",\"breadcrumb\":{\"@id\":\"https:\/\/patronelli.com.ar\/semirremolque\/sobre-nosotros\/#breadcrumb\"},\"inLanguage\":\"es\",\"potentialAction\":[{\"@type\":\"ReadAction\",\"target\":[\"https:\/\/patronelli.com.ar\/semirremolque\/sobre-nosotros\/\"]}]},{\"@type\":\"BreadcrumbList\",\"@id\":\"https:\/\/patronelli.com.ar\/semirremolque\/sobre-nosotros\/#breadcrumb\",\"itemListElement\":[{\"@type\":\"ListItem\",\"position\":1,\"name\":\"Portada\",\"item\":\"https:\/\/patronelli.com.ar\/semirremolque\/\"},{\"@type\":\"ListItem\",\"position\":2,\"name\":\"Sobre Nosotros\"}]},{\"@type\":\"WebSite\",\"@id\":\"https:\/\/patronelli.com.ar\/semirremolque\/#website\",\"url\":\"https:\/\/patronelli.com.ar\/semirremolque\/\",\"name\":\"Patronelli - Semirremolques\",\"description\":\"Con lo m\u00e1s fuerte, entre al mundo del volcador\",\"publisher\":{\"@id\":\"https:\/\/patronelli.com.ar\/semirremolque\/#organization\"},\"potentialAction\":[{\"@type\":\"SearchAction\",\"target\":{\"@type\":\"EntryPoint\",\"urlTemplate\":\"https:\/\/patronelli.com.ar\/semirremolque\/?s={search_term_string}\"},\"query-input\":\"required name=search_term_string\"}],\"inLanguage\":\"es\"},{\"@type\":\"Organization\",\"@id\":\"https:\/\/patronelli.com.ar\/semirremolque\/#organization\",\"name\":\"Patronelli - Semirremolques\",\"url\":\"https:\/\/patronelli.com.ar\/semirremolque\/\",\"logo\":{\"@type\":\"ImageObject\",\"inLanguage\":\"es\",\"@id\":\"https:\/\/patronelli.com.ar\/semirremolque\/#\/schema\/logo\/image\/\",\"url\":\"https:\/\/patronelli.com.ar\/semirremolque\/wp-content\/uploads\/2022\/03\/LOGO-PATRONELLI-ROJO.svg\",\"contentUrl\":\"https:\/\/patronelli.com.ar\/semirremolque\/wp-content\/uploads\/2022\/03\/LOGO-PATRONELLI-ROJO.svg\",\"width\":623,\"height\":453,\"caption\":\"Patronelli - Semirremolques\"},\"image\":{\"@id\":\"https:\/\/patronelli.com.ar\/semirremolque\/#\/schema\/logo\/image\/\"},\"sameAs\":[\"https:\/\/www.facebook.com\/patronelliacoplados\/\",\"https:\/\/www.instagram.com\/patronelli.semirremolques\/\"]}]}<\/script>\n<!-- \/ Yoast SEO plugin. -->","yoast_head_json":{"title":"Sobre Nosotros - Patronelli","robots":{"index":"index","follow":"follow","max-snippet":"max-snippet:-1","max-image-preview":"max-image-preview:large","max-video-preview":"max-video-preview:-1"},"canonical":"https:\/\/patronelli.com.ar\/semirremolque\/sobre-nosotros\/","og_locale":"es_ES","og_type":"article","og_title":"Sobre Nosotros - Patronelli","og_description":"Sobre Nosotros Trayectoria Patronelli es una empresa familiar fundada por Roberto Patronelli y Monica su esposa en el a\u00f1o 1979.Desde entonces atendemos al transporte de carga, empresas constructoras, agropecuarias, petroleras y mineras. En la actualidad trabajan junto a sus cinco hijos y llevan adelante el desarrollo de m\u00e1s de 90 productos que avalan su prestigio.La [&hellip;]","og_url":"https:\/\/patronelli.com.ar\/semirremolque\/sobre-nosotros\/","og_site_name":"Patronelli","article_publisher":"https:\/\/www.facebook.com\/patronelliacoplados\/","article_modified_time":"2025-10-20T18:32:16+00:00","og_image":[{"url":"https:\/\/patronelli.com.ar\/semirremolque\/wp-content\/uploads\/2024\/09\/Firma-Gerente-General-Patronelli.jpg"}],"twitter_card":"summary_large_image","twitter_misc":{"Tiempo de lectura":"2 minutos"},"schema":{"@context":"https:\/\/schema.org","@graph":[{"@type":"WebPage","@id":"https:\/\/patronelli.com.ar\/semirremolque\/sobre-nosotros\/","url":"https:\/\/patronelli.com.ar\/semirremolque\/sobre-nosotros\/","name":"Sobre Nosotros - Patronelli","isPartOf":{"@id":"https:\/\/patronelli.com.ar\/semirremolque\/#website"},"datePublished":"2019-04-02T02:29:08+00:00","dateModified":"2025-10-20T18:32:16+00:00","breadcrumb":{"@id":"https:\/\/patronelli.com.ar\/semirremolque\/sobre-nosotros\/#breadcrumb"},"inLanguage":"es","potentialAction":[{"@type":"ReadAction","target":["https:\/\/patronelli.com.ar\/semirremolque\/sobre-nosotros\/"]}]},{"@type":"BreadcrumbList","@id":"https:\/\/patronelli.com.ar\/semirremolque\/sobre-nosotros\/#breadcrumb","itemListElement":[{"@type":"ListItem","position":1,"name":"Portada","item":"https:\/\/patronelli.com.ar\/semirremolque\/"},{"@type":"ListItem","position":2,"name":"Sobre Nosotros"}]},{"@type":"WebSite","@id":"https:\/\/patronelli.com.ar\/semirremolque\/#website","url":"https:\/\/patronelli.com.ar\/semirremolque\/","name":"Patronelli - Semirremolques","description":"Con lo m\u00e1s fuerte, entre al mundo del volcador","publisher":{"@id":"https:\/\/patronelli.com.ar\/semirremolque\/#organization"},"potentialAction":[{"@type":"SearchAction","target":{"@type":"EntryPoint","urlTemplate":"https:\/\/patronelli.com.ar\/semirremolque\/?s={search_term_string}"},"query-input":"required name=search_term_string"}],"inLanguage":"es"},{"@type":"Organization","@id":"https:\/\/patronelli.com.ar\/semirremolque\/#organization","name":"Patronelli - Semirremolques","url":"https:\/\/patronelli.com.ar\/semirremolque\/","logo":{"@type":"ImageObject","inLanguage":"es","@id":"https:\/\/patronelli.com.ar\/semirremolque\/#\/schema\/logo\/image\/","url":"https:\/\/patronelli.com.ar\/semirremolque\/wp-content\/uploads\/2022\/03\/LOGO-PATRONELLI-ROJO.svg","contentUrl":"https:\/\/patronelli.com.ar\/semirremolque\/wp-content\/uploads\/2022\/03\/LOGO-PATRONELLI-ROJO.svg","width":623,"height":453,"caption":"Patronelli - Semirremolques"},"image":{"@id":"https:\/\/patronelli.com.ar\/semirremolque\/#\/schema\/logo\/image\/"},"sameAs":["https:\/\/www.facebook.com\/patronelliacoplados\/","https:\/\/www.instagram.com\/patronelli.semirremolques\/"]}]}},"_links":{"self":[{"href":"https:\/\/patronelli.com.ar\/semirremolque\/wp-json\/wp\/v2\/pages\/377","targetHints":{"allow":["GET"]}}],"collection":[{"href":"https:\/\/patronelli.com.ar\/semirremolque\/wp-json\/wp\/v2\/pages"}],"about":[{"href":"https:\/\/patronelli.com.ar\/semirremolque\/wp-json\/wp\/v2\/types\/page"}],"author":[{"embeddable":true,"href":"https:\/\/patronelli.com.ar\/semirremolque\/wp-json\/wp\/v2\/users\/1"}],"replies":[{"embeddable":true,"href":"https:\/\/patronelli.com.ar\/semirremolque\/wp-json\/wp\/v2\/comments?post=377"}],"version-history":[{"count":64,"href":"https:\/\/patronelli.com.ar\/semirremolque\/wp-json\/wp\/v2\/pages\/377\/revisions"}],"predecessor-version":[{"id":6985,"href":"https:\/\/patronelli.com.ar\/semirremolque\/wp-json\/wp\/v2\/pages\/377\/revisions\/6985"}],"wp:attachment":[{"href":"https:\/\/patronelli.com.ar\/semirremolque\/wp-json\/wp\/v2\/media?parent=377"}],"curies":[{"name":"wp","href":"https:\/\/api.w.org\/{rel}","templated":true}]}}